{"id":110,"date":"2024-03-21T10:30:51","date_gmt":"2024-03-21T09:30:51","guid":{"rendered":"https:\/\/webredox.net\/demo\/wp\/bauen\/light\/multi\/demo1\/?page_id=110"},"modified":"2025-11-11T10:39:54","modified_gmt":"2025-11-11T09:39:54","slug":"kontakt","status":"publish","type":"page","link":"https:\/\/e-mn.at\/elektrik\/kontakt\/","title":{"rendered":"Kontakt"},"content":{"rendered":"\t\t<div data-elementor-type=\"wp-page\" data-elementor-id=\"110\" class=\"elementor elementor-110\" data-elementor-post-type=\"page\">\n\t\t\t\t\t\t<section class=\"elementor-section elementor-top-section elementor-element elementor-element-9f8df9b elementor-section-full_width elementor-section-height-min-height elementor-section-height-default elementor-section-items-middle\" data-id=\"9f8df9b\" data-element_type=\"section\" data-settings=\"{&quot;background_background&quot;:&quot;classic&quot;}\">\n\t\t\t\t\t\t<div class=\"elementor-container elementor-column-gap-no\">\n\t\t\t\t\t<div class=\"elementor-column elementor-col-100 elementor-top-column elementor-element elementor-element-ceb69c6\" data-id=\"ceb69c6\" data-element_type=\"column\">\n\t\t\t<div class=\"elementor-widget-wrap\">\n\t\t\t\t\t\t\t<\/div>\n\t\t<\/div>\n\t\t\t\t\t<\/div>\n\t\t<\/section>\n\t\t\t\t<section class=\"elementor-section elementor-top-section elementor-element elementor-element-7da26bc3 elementor-section-full_width elementor-section-height-default elementor-section-height-default\" data-id=\"7da26bc3\" data-element_type=\"section\">\n\t\t\t\t\t\t<div class=\"elementor-container elementor-column-gap-default\">\n\t\t\t\t\t<div class=\"elementor-column elementor-col-100 elementor-top-column elementor-element elementor-element-5df76801\" data-id=\"5df76801\" data-element_type=\"column\">\n\t\t\t<div class=\"elementor-widget-wrap elementor-element-populated\">\n\t\t\t\t\t\t<div class=\"elementor-section elementor-inner-section elementor-element elementor-element-37271741 elementor-section-boxed elementor-section-height-default elementor-section-height-default\" data-id=\"37271741\" data-element_type=\"section\">\n\t\t\t\t\t\t<div class=\"elementor-container elementor-column-gap-default\">\n\t\t\t\t\t<div class=\"elementor-column elementor-col-100 elementor-inner-column elementor-element elementor-element-3a1fc232\" data-id=\"3a1fc232\" data-element_type=\"column\">\n\t\t\t<div class=\"elementor-widget-wrap elementor-element-populated\">\n\t\t\t\t\t\t<div class=\"elementor-element elementor-element-11eaeffb elementor-widget elementor-widget-bauen-title\" data-id=\"11eaeffb\" data-element_type=\"widget\" data-widget_type=\"bauen-title.default\">\n\t\t\t\t<div class=\"elementor-widget-container\">\n\t\t\t\t\t\t\t\n\t\t\t\n\t\t\t\t\t\t<h2 class=\"section-title text-left\">Kontaktieren Sie <span class=\"text-color-red\"> Uns<\/span><\/h2>\n\t\t\t\t\n\t\t\t\t\n        \n\t\t\t\n        \t\t\t\t<\/div>\n\t\t\t\t<\/div>\n\t\t\t\t\t<\/div>\n\t\t<\/div>\n\t\t\t\t\t<\/div>\n\t\t<\/div>\n\t\t\t\t\t<\/div>\n\t\t<\/div>\n\t\t\t\t\t<\/div>\n\t\t<\/section>\n\t\t\t\t<section class=\"elementor-section elementor-top-section elementor-element elementor-element-c347acb elementor-section-full_width elementor-section-height-default elementor-section-height-default\" data-id=\"c347acb\" data-element_type=\"section\">\n\t\t\t\t\t\t<div class=\"elementor-container elementor-column-gap-default\">\n\t\t\t\t\t<div class=\"elementor-column elementor-col-100 elementor-top-column elementor-element elementor-element-b546ebe\" data-id=\"b546ebe\" data-element_type=\"column\">\n\t\t\t<div class=\"elementor-widget-wrap elementor-element-populated\">\n\t\t\t\t\t\t<div class=\"elementor-section elementor-inner-section elementor-element elementor-element-50788a4 elementor-section-boxed elementor-section-height-default elementor-section-height-default\" data-id=\"50788a4\" data-element_type=\"section\">\n\t\t\t\t\t\t<div class=\"elementor-container elementor-column-gap-default\">\n\t\t\t\t\t<div class=\"elementor-column elementor-col-100 elementor-inner-column elementor-element elementor-element-97b5fae\" data-id=\"97b5fae\" data-element_type=\"column\">\n\t\t\t<div class=\"elementor-widget-wrap elementor-element-populated\">\n\t\t\t\t<div class=\"elementor-element elementor-element-f6ed429 e-flex e-con-boxed e-con e-parent\" data-id=\"f6ed429\" data-element_type=\"container\">\n\t\t\t\t\t<div class=\"e-con-inner\">\n\t\t<div class=\"elementor-element elementor-element-8250b51 e-flex e-con-boxed e-con e-child\" data-id=\"8250b51\" data-element_type=\"container\">\n\t\t\t\t\t<div class=\"e-con-inner\">\n\t\t<div class=\"elementor-element elementor-element-a3e73c4 e-grid e-con-boxed e-con e-child\" data-id=\"a3e73c4\" data-element_type=\"container\">\n\t\t\t\t\t<div class=\"e-con-inner\">\n\t\t\t\t<div class=\"elementor-element elementor-element-1312801 elementor-widget elementor-widget-heading\" data-id=\"1312801\" data-element_type=\"widget\" data-widget_type=\"heading.default\">\n\t\t\t\t<div class=\"elementor-widget-container\">\n\t\t\t\t\t<h4 class=\"elementor-heading-title elementor-size-default\">Elektrotechnik <br> Martin Nill<\/h4>\t\t\t\t<\/div>\n\t\t\t\t<\/div>\n\t\t\t\t<div class=\"elementor-element elementor-element-cab45d7 elementor-widget elementor-widget-text-editor\" data-id=\"cab45d7\" data-element_type=\"widget\" data-widget_type=\"text-editor.default\">\n\t\t\t\t<div class=\"elementor-widget-container\">\n\t\t\t\t\t\t\t\t\t<p>Elektrotechnik Martin Nill, Ihr Elektriker aus 1230 Wien,\u00a0 hat immer ein offenes Ohr f\u00fcr Bestands- sowie Neukunden.<\/p>\t\t\t\t\t\t\t\t<\/div>\n\t\t\t\t<\/div>\n\t\t\t\t<div class=\"elementor-element elementor-element-dd0490b elementor-widget elementor-widget-text-editor\" data-id=\"dd0490b\" data-element_type=\"widget\" data-widget_type=\"text-editor.default\">\n\t\t\t\t<div class=\"elementor-widget-container\">\n\t\t\t\t\t\t\t\t\t<p>Kontaktieren Sie uns telefonisch oder per Mail mit Ihrem Anliegen.<\/p>\t\t\t\t\t\t\t\t<\/div>\n\t\t\t\t<\/div>\n\t\t\t\t\t<\/div>\n\t\t\t\t<\/div>\n\t\t\t\t\t<\/div>\n\t\t\t\t<\/div>\n\t\t<div class=\"elementor-element elementor-element-ebbd522 e-flex e-con-boxed e-con e-child\" data-id=\"ebbd522\" data-element_type=\"container\">\n\t\t\t\t\t<div class=\"e-con-inner\">\n\t\t\t\t<div class=\"elementor-element elementor-element-b5444bf elementor-widget elementor-widget-heading\" data-id=\"b5444bf\" data-element_type=\"widget\" data-widget_type=\"heading.default\">\n\t\t\t\t<div class=\"elementor-widget-container\">\n\t\t\t\t\t<h4 class=\"elementor-heading-title elementor-size-default\">Kontaktm\u00f6glichkeiten<\/h4>\t\t\t\t<\/div>\n\t\t\t\t<\/div>\n\t\t\t\t<div class=\"elementor-element elementor-element-af2e5a1 elementor-widget elementor-widget-spacer\" data-id=\"af2e5a1\" data-element_type=\"widget\" data-widget_type=\"spacer.default\">\n\t\t\t\t<div class=\"elementor-widget-container\">\n\t\t\t\t\t\t\t<div class=\"elementor-spacer\">\n\t\t\t<div class=\"elementor-spacer-inner\"><\/div>\n\t\t<\/div>\n\t\t\t\t\t\t<\/div>\n\t\t\t\t<\/div>\n\t\t\t\t<div class=\"elementor-element elementor-element-99b419d elementor-widget elementor-widget-bauen-contact\" data-id=\"99b419d\" data-element_type=\"widget\" data-widget_type=\"bauen-contact.default\">\n\t\t\t\t<div class=\"elementor-widget-container\">\n\t\t\t\t\t        \n\t\t<div class=\"sec-contact-info mb-30\">\n\t\t\t\t\n\t\t\t\t\n\t\t    \n\t\t\t\t\t\t\n\t\t\t\t\t\t\t\t\t\t\t\t\t\t\t\n\t\t\t\t\t    <p><b>Telefon:<\/b> <a href=\"tel:+43 699 17 17 82 70\">+43 699 17 17 82 70<\/a><\/p> \n\t\t\t\t\t\t \n\n\t\t\t\t\t\t\t\t\t\t\t\t\t\t\t \n\t\t\t\t\t\t<p><b>Mail:<\/b> <a href=\"mailto:mail@e-mn.at\">mail@e-mn.at<\/a><\/p> \n\t\t\t\t\t\t \n\n\t\t\t\t\t\t\t\t\t\t\t\t\t\t    <p><b>Adresse:<\/b> <a href=\"https:\/\/maps.app.goo.gl\/wB15xFdkK4U2nLEM8\" target=\"_blank\">Jochen-Rindt-Stra\u00dfe\u00a015,\u00a01230<\/a><\/p>\n\t\t\t\t\t\t \n\n\t\t\t\t\t\t\t\t\n        <\/div>\n\t\t\n        \t\t\t\t<\/div>\n\t\t\t\t<\/div>\n\t\t\t\t\t<\/div>\n\t\t\t\t<\/div>\n\t\t<div class=\"elementor-element elementor-element-0ff9878 e-flex e-con-boxed e-con e-child\" data-id=\"0ff9878\" data-element_type=\"container\">\n\t\t\t\t\t<div class=\"e-con-inner\">\n\t\t\t\t<div class=\"elementor-element elementor-element-abd33c2 elementor-button-align-stretch elementor-widget elementor-widget-form\" data-id=\"abd33c2\" data-element_type=\"widget\" data-settings=\"{&quot;step_next_label&quot;:&quot;Next&quot;,&quot;step_previous_label&quot;:&quot;Previous&quot;,&quot;button_width&quot;:&quot;100&quot;,&quot;step_type&quot;:&quot;number_text&quot;,&quot;step_icon_shape&quot;:&quot;circle&quot;}\" data-widget_type=\"form.default\">\n\t\t\t\t<div class=\"elementor-widget-container\">\n\t\t\t\t\t\t\t<form class=\"elementor-form\" method=\"post\" name=\"New Form\" aria-label=\"New Form\">\n\t\t\t<input type=\"hidden\" name=\"post_id\" value=\"110\"\/>\n\t\t\t<input type=\"hidden\" name=\"form_id\" value=\"abd33c2\"\/>\n\t\t\t<input type=\"hidden\" name=\"referer_title\" value=\"Kontakt\" \/>\n\n\t\t\t\t\t\t\t<input type=\"hidden\" name=\"queried_id\" value=\"110\"\/>\n\t\t\t\n\t\t\t<div class=\"elementor-form-fields-wrapper elementor-labels-\">\n\t\t\t\t\t\t\t\t<div class=\"elementor-field-type-text elementor-field-group elementor-column elementor-field-group-name elementor-col-100\">\n\t\t\t\t\t\t\t\t\t\t\t\t<label for=\"form-field-name\" class=\"elementor-field-label elementor-screen-only\">\n\t\t\t\t\t\t\t\tName\t\t\t\t\t\t\t<\/label>\n\t\t\t\t\t\t\t\t\t\t\t\t\t\t<input size=\"1\" type=\"text\" name=\"form_fields[name]\" id=\"form-field-name\" class=\"elementor-field elementor-size-xs  elementor-field-textual\" placeholder=\"Name\">\n\t\t\t\t\t\t\t\t\t\t\t<\/div>\n\t\t\t\t\t\t\t\t<div class=\"elementor-field-type-email elementor-field-group elementor-column elementor-field-group-email elementor-col-100 elementor-field-required\">\n\t\t\t\t\t\t\t\t\t\t\t\t<label for=\"form-field-email\" class=\"elementor-field-label elementor-screen-only\">\n\t\t\t\t\t\t\t\tE-Mail\t\t\t\t\t\t\t<\/label>\n\t\t\t\t\t\t\t\t\t\t\t\t\t\t<input size=\"1\" type=\"email\" name=\"form_fields[email]\" id=\"form-field-email\" class=\"elementor-field elementor-size-xs  elementor-field-textual\" placeholder=\"E-Mail*\" required=\"required\">\n\t\t\t\t\t\t\t\t\t\t\t<\/div>\n\t\t\t\t\t\t\t\t<div class=\"elementor-field-type-tel elementor-field-group elementor-column elementor-field-group-field_571482b elementor-col-100\">\n\t\t\t\t\t\t\t\t\t\t\t\t<label for=\"form-field-field_571482b\" class=\"elementor-field-label elementor-screen-only\">\n\t\t\t\t\t\t\t\tTelefon\t\t\t\t\t\t\t<\/label>\n\t\t\t\t\t\t\t\t<input size=\"1\" type=\"tel\" name=\"form_fields[field_571482b]\" id=\"form-field-field_571482b\" class=\"elementor-field elementor-size-xs  elementor-field-textual\" placeholder=\"Telefonnummer\" pattern=\"[0-9()#&amp;+*-=.]+\" title=\"Only numbers and phone characters (#, -, *, etc) are accepted.\">\n\n\t\t\t\t\t\t<\/div>\n\t\t\t\t\t\t\t\t<div class=\"elementor-field-type-text elementor-field-group elementor-column elementor-field-group-field_8b6fea2 elementor-col-100\">\n\t\t\t\t\t\t\t\t\t\t\t\t<label for=\"form-field-field_8b6fea2\" class=\"elementor-field-label elementor-screen-only\">\n\t\t\t\t\t\t\t\tNachricht\t\t\t\t\t\t\t<\/label>\n\t\t\t\t\t\t\t\t\t\t\t\t\t\t<input size=\"1\" type=\"text\" name=\"form_fields[field_8b6fea2]\" id=\"form-field-field_8b6fea2\" class=\"elementor-field elementor-size-xs  elementor-field-textual\" placeholder=\"Nachricht\">\n\t\t\t\t\t\t\t\t\t\t\t<\/div>\n\t\t\t\t\t\t\t\t<div class=\"elementor-field-type-recaptcha_v3 elementor-field-group elementor-column elementor-field-group-field_5f5c450 elementor-col-100 recaptcha_v3-bottomright\">\n\t\t\t\t\t<div class=\"elementor-field\" id=\"form-field-field_5f5c450\"><div class=\"elementor-g-recaptcha\" data-sitekey=\"6Lcjsq4pAAAAAIm2t94BHgTqIcZdzxzepzGQrsaJ\" data-type=\"v3\" data-action=\"Form\" data-badge=\"bottomright\" data-size=\"invisible\"><\/div><\/div>\t\t\t\t<\/div>\n\t\t\t\t\t\t\t\t<div class=\"elementor-field-group elementor-column elementor-field-type-submit elementor-col-100 e-form__buttons\">\n\t\t\t\t\t<button class=\"elementor-button elementor-size-xs elementor-animation-grow\" type=\"submit\">\n\t\t\t\t\t\t<span class=\"elementor-button-content-wrapper\">\n\t\t\t\t\t\t\t\t\t\t\t\t\t\t\t\t\t\t\t\t\t\t<span class=\"elementor-button-text\">Senden<\/span>\n\t\t\t\t\t\t\t\t\t\t\t\t\t<\/span>\n\t\t\t\t\t<\/button>\n\t\t\t\t<\/div>\n\t\t\t<\/div>\n\t\t<\/form>\n\t\t\t\t\t\t<\/div>\n\t\t\t\t<\/div>\n\t\t\t\t\t<\/div>\n\t\t\t\t<\/div>\n\t\t\t\t\t<\/div>\n\t\t\t\t<\/div>\n\t\t\t\t<div class=\"elementor-element elementor-element-524889a elementor-invisible elementor-widget elementor-widget-bauen-map\" data-id=\"524889a\" data-element_type=\"widget\" data-settings=\"{&quot;_animation&quot;:&quot;fadeInUp&quot;}\" data-widget_type=\"bauen-map.default\">\n\t\t\t\t<div class=\"elementor-widget-container\">\n\t\t\t\t\t\n\t\t\t\t\t\n\t\t\n\t\t<div class=\"sec-gmap\">\n            <div class=\"map-container\">\n\t\t\t\t<div id=\"map-single\" class=\"map\" data-map-back=\"\/\/{s}.basemaps.cartocdn.com\/dark_all\/{z}\/{x}\/{y}.png\" data-latlog=\"[48.14136, 16.35283]\" data-popuptext=\"Elektrotechnik Martin Nill, &lt;br&gt;Jochen-Rindt-Stra\u00dfe\u00a015,\u00a01230\u00a0\"  data-popupicon=\"https:\/\/e-mn.at\/elektrik\/wp-content\/uploads\/2022\/05\/marker.png\"><\/div>\t\t\t\t\n\t\t    <\/div>\t\t\t\n\t\t<\/div>\t\t\n\t\t\n\t\t\t\n        \t\t\t\t<\/div>\n\t\t\t\t<\/div>\n\t\t\t\t\t<\/div>\n\t\t<\/div>\n\t\t\t\t\t<\/div>\n\t\t<\/div>\n\t\t\t\t\t<\/div>\n\t\t<\/div>\n\t\t\t\t\t<\/div>\n\t\t<\/section>\n\t\t\t\t<section class=\"elementor-section elementor-top-section elementor-element elementor-element-f971852 elementor-section-full_width elementor-section-height-default elementor-section-height-default\" data-id=\"f971852\" data-element_type=\"section\" data-settings=\"{&quot;background_background&quot;:&quot;classic&quot;}\">\n\t\t\t\t\t\t\t<div class=\"elementor-background-overlay\"><\/div>\n\t\t\t\t\t\t\t<div class=\"elementor-container elementor-column-gap-default\">\n\t\t\t\t\t<div class=\"elementor-column elementor-col-100 elementor-top-column elementor-element elementor-element-80305e8\" data-id=\"80305e8\" data-element_type=\"column\">\n\t\t\t<div class=\"elementor-widget-wrap elementor-element-populated\">\n\t\t\t\t\t\t<div class=\"elementor-section elementor-inner-section elementor-element elementor-element-f1213ed elementor-section-boxed elementor-section-height-default elementor-section-height-default\" data-id=\"f1213ed\" data-element_type=\"section\">\n\t\t\t\t\t\t<div class=\"elementor-container elementor-column-gap-default\">\n\t\t\t\t\t<div class=\"elementor-column elementor-col-33 elementor-inner-column elementor-element elementor-element-37d4e48\" data-id=\"37d4e48\" data-element_type=\"column\">\n\t\t\t<div class=\"elementor-widget-wrap elementor-element-populated\">\n\t\t\t\t\t\t<div class=\"elementor-element elementor-element-4b16158 elementor-widget elementor-widget-spacer\" data-id=\"4b16158\" data-element_type=\"widget\" data-widget_type=\"spacer.default\">\n\t\t\t\t<div class=\"elementor-widget-container\">\n\t\t\t\t\t\t\t<div class=\"elementor-spacer\">\n\t\t\t<div class=\"elementor-spacer-inner\"><\/div>\n\t\t<\/div>\n\t\t\t\t\t\t<\/div>\n\t\t\t\t<\/div>\n\t\t\t\t<div class=\"elementor-element elementor-element-da33560 elementor-view-stacked elementor-shape-circle elementor-position-block-start elementor-mobile-position-block-start elementor-widget elementor-widget-icon-box\" data-id=\"da33560\" data-element_type=\"widget\" data-widget_type=\"icon-box.default\">\n\t\t\t\t<div class=\"elementor-widget-container\">\n\t\t\t\t\t\t\t<div class=\"elementor-icon-box-wrapper\">\n\n\t\t\t\t\t\t<div class=\"elementor-icon-box-icon\">\n\t\t\t\t<a href=\"https:\/\/www.google.com\/search?client=firefox-b-d&#038;sca_esv=781fa1a7ec643214&#038;hl=de-AT&#038;sxsrf=ACQVn09IsFOB_4dS5QrGsCX21EcaIhoj-A:1711115377810&#038;uds=AMwkrPtyB8MsmozA4Lwzqy2G2HCuMxHJHoLIcRQDrVp0c7e2Si1FZM4aINZcuyPdKdPoLJshzFEpTA9knrXb5pMi6gCYiEDLN8GKf-3NdZnjwcmXFRuJJE9Jc_gvkSU0RgiKx7Na0eZhxtKwWf6RGDReFkunTDdeO15-fwFw_OvjpibiT4AXjtA&#038;si=AKbGX_oXOTjHK3vNPxrwAU4tsC2W_rsdJDrrSHpqUAOdbOh1q2JO5vqIL_4bGueyEAXP3nuGeNv4DpqowLEF2Hc-cCZVSbz8rBlSAgoMh9uovX0u82ctLGA%3D&#038;q=Elektrotechnik+Martin+Nill+Rezensionen&#038;sa=X&#038;ved=2ahUKEwiGtojCgYiFAxWZRvEDHegHAZwQ3PALegQIURAF&#038;biw=2560&#038;bih=1251&#038;dpr=1\" target=\"_blank\" class=\"elementor-icon\" tabindex=\"-1\" aria-label=\"Hier geht\u00b4s zu allen &lt;br&gt; Google Bewertungen\">\n\t\t\t\t<svg aria-hidden=\"true\" class=\"e-font-icon-svg e-fab-google\" viewBox=\"0 0 488 512\" xmlns=\"http:\/\/www.w3.org\/2000\/svg\"><path d=\"M488 261.8C488 403.3 391.1 504 248 504 110.8 504 0 393.2 0 256S110.8 8 248 8c66.8 0 123 24.5 166.3 64.9l-67.5 64.9C258.5 52.6 94.3 116.6 94.3 256c0 86.5 69.1 156.6 153.7 156.6 98.2 0 135-70.4 140.8-106.9H248v-85.3h236.1c2.3 12.7 3.9 24.9 3.9 41.4z\"><\/path><\/svg>\t\t\t\t<\/a>\n\t\t\t<\/div>\n\t\t\t\n\t\t\t\t\t\t<div class=\"elementor-icon-box-content\">\n\n\t\t\t\t\t\t\t\t\t<h2 class=\"elementor-icon-box-title\">\n\t\t\t\t\t\t<a href=\"https:\/\/www.google.com\/search?client=firefox-b-d&#038;sca_esv=781fa1a7ec643214&#038;hl=de-AT&#038;sxsrf=ACQVn09IsFOB_4dS5QrGsCX21EcaIhoj-A:1711115377810&#038;uds=AMwkrPtyB8MsmozA4Lwzqy2G2HCuMxHJHoLIcRQDrVp0c7e2Si1FZM4aINZcuyPdKdPoLJshzFEpTA9knrXb5pMi6gCYiEDLN8GKf-3NdZnjwcmXFRuJJE9Jc_gvkSU0RgiKx7Na0eZhxtKwWf6RGDReFkunTDdeO15-fwFw_OvjpibiT4AXjtA&#038;si=AKbGX_oXOTjHK3vNPxrwAU4tsC2W_rsdJDrrSHpqUAOdbOh1q2JO5vqIL_4bGueyEAXP3nuGeNv4DpqowLEF2Hc-cCZVSbz8rBlSAgoMh9uovX0u82ctLGA%3D&#038;q=Elektrotechnik+Martin+Nill+Rezensionen&#038;sa=X&#038;ved=2ahUKEwiGtojCgYiFAxWZRvEDHegHAZwQ3PALegQIURAF&#038;biw=2560&#038;bih=1251&#038;dpr=1\" target=\"_blank\" >\n\t\t\t\t\t\t\tHier geht\u00b4s zu allen <br> Google Bewertungen\t\t\t\t\t\t<\/a>\n\t\t\t\t\t<\/h2>\n\t\t\t\t\n\t\t\t\t\n\t\t\t<\/div>\n\t\t\t\n\t\t<\/div>\n\t\t\t\t\t\t<\/div>\n\t\t\t\t<\/div>\n\t\t\t\t\t<\/div>\n\t\t<\/div>\n\t\t\t\t<div class=\"elementor-column elementor-col-33 elementor-inner-column elementor-element elementor-element-bb9f80e\" data-id=\"bb9f80e\" data-element_type=\"column\">\n\t\t\t<div class=\"elementor-widget-wrap\">\n\t\t\t\t\t\t\t<\/div>\n\t\t<\/div>\n\t\t\t\t<div class=\"elementor-column elementor-col-33 elementor-inner-column elementor-element elementor-element-e2b2449\" data-id=\"e2b2449\" data-element_type=\"column\">\n\t\t\t<div class=\"elementor-widget-wrap elementor-element-populated\">\n\t\t\t\t\t\t<div class=\"elementor-element elementor-element-b5e3955 elementor-invisible elementor-widget elementor-widget-bauen-testimonials\" data-id=\"b5e3955\" data-element_type=\"widget\" data-settings=\"{&quot;_animation&quot;:&quot;fadeInUp&quot;}\" data-widget_type=\"bauen-testimonials.default\">\n\t\t\t\t<div class=\"elementor-widget-container\">\n\t\t\t\t\t\n        \t\t\t\n\t\t<div class=\"testimonials\">\n\t\t\t<div class=\"sec-testimonials-carousel testimonials-box\">\n\t\t\t    \t\t\t\t<div class=\"head-box\">\n\t\t\t\t\t<h4>Das sagen unsere Kunden<\/h4>\n\t\t\t\t<\/div>\t\n\t\t\t\t\t\t\t\t<div class=\"owl-carousel owl-theme\" data-testimonials-autoplay=\"false\" data-testimonials-speed=\"500\" data-testimonials-autoplay-timeout=\"5000\" data-rtl=\"false\">\n\t\t\t\t\t\t\t\t\t\t<div class=\"item\"> <span class=\"quote\"><img decoding=\"async\" src=\"https:\/\/e-mn.at\/elektrik\/wp-content\/themes\/bauen\/includes\/images\/quot.png\" alt=\"quote\"><\/span>\n\t\t\t\t\t\t<p><p><span class=\"wiI7pd\">Ein gro\u00dfes Dankesch\u00f6n f\u00fcr die rasche und saubere Arbeit. Die Anlage (Hackschnitzelheizung) funktioniert reibungslos. Solche Betriebe mit Handschlagqualit\u00e4t sind heute selten, bitte bleiben Sie so wie Sie sind und hoffentlich bleiben Sie uns noch lange erhalten.<\/span><\/p><\/p>\n\t\t\t\t\t\t<div class=\"info\">\n\t\t\t\t\t\t\t\t\t\t\t\t\t\t<div class=\"author-img\"> <img decoding=\"async\" src=\"https:\/\/e-mn.at\/elektrik\/wp-content\/uploads\/2022\/05\/Elektriker_Wien_Meinungen_Manuela.jpg\" alt=\"\"> <\/div>\n\t\t\t\t\t\t\t\t\t\t\t\t\t\t<div class=\"cont \">\n\t\t\t\t\t\t\t\t\t\t\t\t\t\t\t\t<h6>Manuela S.<\/h6>\t\n\t\t\t\t\t\t\t\t\t\t\t\t\t\t\t\t<span>Privatkundin<\/span>\n\t\t\t\t\t\t\t\t\t\t\n\t\t\t\t\t\t\t<\/div>\n\t\t\t\t\t\t<\/div>\t\t\t\t\t\t\t\t\t\t\n\t\t\t\t\t<\/div>\n\t\t\t\t\t\t\t\t\t\t<div class=\"item\"> <span class=\"quote\"><img decoding=\"async\" src=\"https:\/\/e-mn.at\/elektrik\/wp-content\/themes\/bauen\/includes\/images\/quot.png\" alt=\"quote\"><\/span>\n\t\t\t\t\t\t<p><p>Ich habe Herrn Nill schon mehrmals beauftragt, sei es von der Planung und Umsetzung der gesamten Elektroinstallation und Verkabelung unseres IT Unternehmens, bis zur kompletten Umsetzung aller elektrischen Aufgaben beim Bau unseres Einfamilienhauses.<\/p><\/p>\n\t\t\t\t\t\t<div class=\"info\">\n\t\t\t\t\t\t\t\t\t\t\t\t\t\t<div class=\"author-img\"> <img decoding=\"async\" src=\"https:\/\/e-mn.at\/elektrik\/wp-content\/uploads\/2022\/05\/Elektriker_1230_Wien_Meinungen_Stephan.jpg\" alt=\"\"> <\/div>\n\t\t\t\t\t\t\t\t\t\t\t\t\t\t<div class=\"cont \">\n\t\t\t\t\t\t\t\t\t\t\t\t\t\t\t\t<h6>Stefan H.<\/h6>\t\n\t\t\t\t\t\t\t\t\t\t\t\t\t\t\t\t<span>Unternehmer<\/span>\n\t\t\t\t\t\t\t\t\t\t\n\t\t\t\t\t\t\t<\/div>\n\t\t\t\t\t\t<\/div>\t\t\t\t\t\t\t\t\t\t\n\t\t\t\t\t<\/div>\n\t\t\t\t\t\t\t\t\t\t<div class=\"item\"> <span class=\"quote\"><img decoding=\"async\" src=\"https:\/\/e-mn.at\/elektrik\/wp-content\/themes\/bauen\/includes\/images\/quot.png\" alt=\"quote\"><\/span>\n\t\t\t\t\t\t<p><p>Sehr zu empfehlen! Wir haben die komplette Elektronik im Zuge unserer Haussanierung erneuern lassen und waren au\u00dferordentlich zufrieden mit der Abwicklung und der Arbeit von Martin.<\/p><\/p>\n\t\t\t\t\t\t<div class=\"info\">\n\t\t\t\t\t\t\t\t\t\t\t\t\t\t<div class=\"author-img\"> <img decoding=\"async\" src=\"https:\/\/e-mn.at\/elektrik\/wp-content\/uploads\/2022\/05\/Elektriker_1230_Wien_Meinungen_Simone.jpg\" alt=\"\"> <\/div>\n\t\t\t\t\t\t\t\t\t\t\t\t\t\t<div class=\"cont \">\n\t\t\t\t\t\t\t\t\t\t\t\t\t\t\t\t<h6>Simone H.<\/h6>\t\n\t\t\t\t\t\t\t\t\t\t\t\t\t\t\t\t<span>Hausbesitzerin<\/span>\n\t\t\t\t\t\t\t\t\t\t\n\t\t\t\t\t\t\t<\/div>\n\t\t\t\t\t\t<\/div>\t\t\t\t\t\t\t\t\t\t\n\t\t\t\t\t<\/div>\n\t\t\t\t\t\t\t\t\t<\/div>\t\t\n\t\t\t<\/div>\t\t\n\t\t<\/div>\t\n\t\t\n        \t\t\t\t<\/div>\n\t\t\t\t<\/div>\n\t\t\t\t\t<\/div>\n\t\t<\/div>\n\t\t\t\t\t<\/div>\n\t\t<\/div>\n\t\t\t\t\t<\/div>\n\t\t<\/div>\n\t\t\t\t\t<\/div>\n\t\t<\/section>\n\t\t\t\t<\/div>\n\t\t","protected":false},"excerpt":{"rendered":"<p>Kontaktieren Sie Uns Elektrotechnik Martin Nill Elektrotechnik Martin Nill, Ihr Elektriker aus 1230 Wien,\u00a0 hat immer ein offenes Ohr f\u00fcr Bestands- sowie Neukunden. Kontaktieren Sie uns telefonisch oder per Mail mit Ihrem Anliegen. Kontaktm\u00f6glichkeiten Telefon: +43 699 17 17 82 70 Mail: mail@e-mn.at Adresse: Jochen-Rindt-Stra\u00dfe\u00a015,\u00a01230 Hier geht\u00b4s zu allen Google Bewertungen Das sagen unsere Kunden Ein gro\u00dfes Dankesch\u00f6n f\u00fcr die&#8230;<\/p>\n","protected":false},"author":1,"featured_media":0,"parent":0,"menu_order":0,"comment_status":"closed","ping_status":"closed","template":"","meta":{"om_disable_all_campaigns":false,"_monsterinsights_skip_tracking":false,"_monsterinsights_sitenote_active":false,"_monsterinsights_sitenote_note":"","_monsterinsights_sitenote_category":0,"footnotes":"","_links_to":"","_links_to_target":""},"class_list":["post-110","page","type-page","status-publish","hentry"],"aioseo_notices":[],"_links":{"self":[{"href":"https:\/\/e-mn.at\/elektrik\/wp-json\/wp\/v2\/pages\/110","targetHints":{"allow":["GET"]}}],"collection":[{"href":"https:\/\/e-mn.at\/elektrik\/wp-json\/wp\/v2\/pages"}],"about":[{"href":"https:\/\/e-mn.at\/elektrik\/wp-json\/wp\/v2\/types\/page"}],"author":[{"embeddable":true,"href":"https:\/\/e-mn.at\/elektrik\/wp-json\/wp\/v2\/users\/1"}],"replies":[{"embeddable":true,"href":"https:\/\/e-mn.at\/elektrik\/wp-json\/wp\/v2\/comments?post=110"}],"version-history":[{"count":134,"href":"https:\/\/e-mn.at\/elektrik\/wp-json\/wp\/v2\/pages\/110\/revisions"}],"predecessor-version":[{"id":4797,"href":"https:\/\/e-mn.at\/elektrik\/wp-json\/wp\/v2\/pages\/110\/revisions\/4797"}],"wp:attachment":[{"href":"https:\/\/e-mn.at\/elektrik\/wp-json\/wp\/v2\/media?parent=110"}],"curies":[{"name":"wp","href":"https:\/\/api.w.org\/{rel}","templated":true}]}}