{"id":1247,"date":"2024-03-21T08:12:55","date_gmt":"2024-03-21T07:12:55","guid":{"rendered":"https:\/\/webredox.net\/demo\/wp\/bauen\/light\/el\/multi\/demo1\/?page_id=1247"},"modified":"2025-11-05T15:13:43","modified_gmt":"2025-11-05T14:13:43","slug":"leistungen","status":"publish","type":"page","link":"https:\/\/e-mn.at\/elektrik\/leistungen\/","title":{"rendered":"Leistungen"},"content":{"rendered":"\t\t<div data-elementor-type=\"wp-page\" data-elementor-id=\"1247\" class=\"elementor elementor-1247\" data-elementor-post-type=\"page\">\n\t\t\t\t\t\t<section class=\"elementor-section elementor-top-section elementor-element elementor-element-175de9a5 elementor-section-full_width elementor-section-height-default elementor-section-height-default\" data-id=\"175de9a5\" data-element_type=\"section\">\n\t\t\t\t\t\t<div class=\"elementor-container elementor-column-gap-default\">\n\t\t\t\t\t<div class=\"elementor-column elementor-col-100 elementor-top-column elementor-element elementor-element-22902a0e\" data-id=\"22902a0e\" data-element_type=\"column\">\n\t\t\t<div class=\"elementor-widget-wrap elementor-element-populated\">\n\t\t\t\t\t\t<div class=\"elementor-section elementor-inner-section elementor-element elementor-element-1bb21390 elementor-section-boxed elementor-section-height-default elementor-section-height-default\" data-id=\"1bb21390\" data-element_type=\"section\">\n\t\t\t\t\t\t<div class=\"elementor-container elementor-column-gap-default\">\n\t\t\t\t\t<div class=\"elementor-column elementor-col-100 elementor-inner-column elementor-element elementor-element-471623b8\" data-id=\"471623b8\" data-element_type=\"column\">\n\t\t\t<div class=\"elementor-widget-wrap elementor-element-populated\">\n\t\t\t\t\t\t<div class=\"elementor-element elementor-element-9cc518e elementor-widget elementor-widget-bauen-title\" data-id=\"9cc518e\" data-element_type=\"widget\" data-widget_type=\"bauen-title.default\">\n\t\t\t\t<div class=\"elementor-widget-container\">\n\t\t\t\t\t\t\t\n\t\t\t\n\t\t\t\t\t\t<h2 class=\"section-title text-center\">Unsere <span class=\"text-color-red\"> Leistungen <\/span><\/h2>\n\t\t\t\t\n\t\t\t\t\n        \n\t\t\t\n        \t\t\t\t<\/div>\n\t\t\t\t<\/div>\n\t\t\t\t<div class=\"elementor-element elementor-element-4d9cbce elementor-widget elementor-widget-text-editor\" data-id=\"4d9cbce\" data-element_type=\"widget\" data-widget_type=\"text-editor.default\">\n\t\t\t\t<div class=\"elementor-widget-container\">\n\t\t\t\t\t\t\t\t\t<p>Mit unserem <strong>geschulten und motivierten Team <\/strong>decken wir nahezu <strong>alle Bereiche der Elektrotechnik<\/strong> ab. Egal, ob kleinere Reparaturen, umfangreiche Installationen oder komplexe Projekte \u2013 wir f\u00fchren jede Arbeit <strong>h\u00f6chster Qualit\u00e4t, normgerecht, schnell<\/strong> und <strong>sicher<\/strong> durch.<\/p><p>Unser Hauptfokus liegt auf:<\/p><p>\u00a0<\/p><ul><li aria-level=\"1\"><strong>St\u00f6rungsbehebungen in Wien:<\/strong> Schnelle, zuverl\u00e4ssige L\u00f6sungen bei Stromausf\u00e4llen und technischen Problemen.<\/li><li aria-level=\"1\"><strong>Anlagen\u00fcberpr\u00fcfungen &amp; Elektrobefunde:<\/strong> Fachgerechte Kontrolle und Dokumentation Ihrer Elektroinstallationen nach \u00d6NORM.<\/li><li aria-level=\"1\"><strong>Komplexe Elektroprojekte: <\/strong>Planung und Umsetzung von <strong>KNX-Systemen, EDV-Netzwerken<\/strong> und anderen modernen Elektrol\u00f6sungen.<\/li><\/ul><p>Klicken Sie auf die Bilder, um <strong>kurze Beschreibungen<\/strong> und <strong>weitere Informationen<\/strong> zu unseren T\u00e4tigkeitsfeldern zu erhalten.<\/p><p>Sollten Sie ein Anliegen haben, das in unserem Leistungsportfolio nicht aufgef\u00fchrt ist, <span style=\"text-decoration: underline;\"><a href=\"https:\/\/e-mn.at\/elektrik\/kontakt\/\"><strong>kontaktieren Sie uns gerne \u2013<\/strong><\/a><\/span> wir finden individuelle L\u00f6sungen f\u00fcr Ihr Projekt.<\/p>\t\t\t\t\t\t\t\t<\/div>\n\t\t\t\t<\/div>\n\t\t\t\t<div class=\"elementor-element elementor-element-d51c2ec elementor-widget-divider--view-line elementor-widget elementor-widget-divider\" data-id=\"d51c2ec\" data-element_type=\"widget\" data-widget_type=\"divider.default\">\n\t\t\t\t<div class=\"elementor-widget-container\">\n\t\t\t\t\t\t\t<div class=\"elementor-divider\">\n\t\t\t<span class=\"elementor-divider-separator\">\n\t\t\t\t\t\t<\/span>\n\t\t<\/div>\n\t\t\t\t\t\t<\/div>\n\t\t\t\t<\/div>\n\t\t\t\t<div class=\"elementor-element elementor-element-616093b8 elementor-widget elementor-widget-bauen-portfolio-grid\" data-id=\"616093b8\" data-element_type=\"widget\" data-widget_type=\"bauen-portfolio-grid.default\">\n\t\t\t\t<div class=\"elementor-widget-container\">\n\t\t\t\t\t\n\t\t<div class=\"sec-portfolio projects\"> \n\t\t\t\t\t\n\t\t\t<div class=\"container-after\">\n\t\t        \t\t\t\t<div class=\"row isotope-items-wrap  no-hide-last loadmore-wrapper bauen-project-items\" data-load-item=\"10\" data-button-text=\"Mehr\">\t\n\t\t\t\t\n\t\t\t\t\t\t\t\t\t\n\t\t\t\t\t\t\t\t\t\t<div class=\"isotope-item col-md-6 \">\n                        <div class=\"bauen-project-wrap\">\n                            <a href=\"https:\/\/e-mn.at\/elektrik\/portfolio\/elektroinstallationen\/\"><img decoding=\"async\" src=\"https:\/\/e-mn.at\/elektrik\/wp-content\/uploads\/2025\/10\/Elektroinstallationen_1230_Wien_Uebersicht.jpg\" alt=\"Elektroinstallationen: Zukunftssicherheit &#038; gepr\u00fcfte Qualit\u00e4t vom Experten.\"><\/a>\n                            <div class=\"bauen-project-content\">\n                                <p><\/p>\n                                <h5 class=\"bu-post-title\"><a href=\"https:\/\/e-mn.at\/elektrik\/portfolio\/elektroinstallationen\/\">Elektroinstallationen: Zukunftssicherheit &#038; gepr\u00fcfte Qualit\u00e4t vom Experten.<\/a><\/h5>\n                            <\/div>\n                        <\/div>\n                    <\/div>\n\t\t\t\t\t\t\t\t\t\t\n\t\t\t\t\t\t\t\t\t\n\t\t\t\t\t\t\t\t\t\t<div class=\"isotope-item col-md-6 \">\n                        <div class=\"bauen-project-wrap\">\n                            <a href=\"https:\/\/e-mn.at\/elektrik\/portfolio\/stoerungsdienst-notdienst\/\"><img decoding=\"async\" src=\"https:\/\/e-mn.at\/elektrik\/wp-content\/uploads\/2025\/10\/elektrotechnik-martin-nill-stoerungsdienst-fehlersuche-wien-uebersicht.jpg\" alt=\"24\/7 Elektriker Notdienst: Sofort-Service bei St\u00f6rungen und Stromausfall.\"><\/a>\n                            <div class=\"bauen-project-content\">\n                                <p><\/p>\n                                <h5 class=\"bu-post-title\"><a href=\"https:\/\/e-mn.at\/elektrik\/portfolio\/stoerungsdienst-notdienst\/\">24\/7 Elektriker Notdienst: Sofort-Service bei St\u00f6rungen und Stromausfall.<\/a><\/h5>\n                            <\/div>\n                        <\/div>\n                    <\/div>\n\t\t\t\t\t\t\t\t\t\t\n\t\t\t\t\t\t\t\t\t\n\t\t\t\t\t\t\t\t\t\t<div class=\"isotope-item col-md-6 \">\n                        <div class=\"bauen-project-wrap\">\n                            <a href=\"https:\/\/e-mn.at\/elektrik\/portfolio\/knx-anlagen\/\"><img decoding=\"async\" src=\"https:\/\/e-mn.at\/elektrik\/wp-content\/uploads\/2025\/10\/elektrotechnik-martin-nill-smart-home-knx-steuerung-wien.jpg\" alt=\"KNX Smart Home: Der offene Standard f\u00fcr maximale Flexibilit\u00e4t\"><\/a>\n                            <div class=\"bauen-project-content\">\n                                <p><\/p>\n                                <h5 class=\"bu-post-title\"><a href=\"https:\/\/e-mn.at\/elektrik\/portfolio\/knx-anlagen\/\">KNX Smart Home: Der offene Standard f\u00fcr maximale Flexibilit\u00e4t<\/a><\/h5>\n                            <\/div>\n                        <\/div>\n                    <\/div>\n\t\t\t\t\t\t\t\t\t\t\n\t\t\t\t\t\t\t\t\t\n\t\t\t\t\t\t\t\t\t\t<div class=\"isotope-item col-md-6 \">\n                        <div class=\"bauen-project-wrap\">\n                            <a href=\"https:\/\/e-mn.at\/elektrik\/portfolio\/netzwerkverkabelungen\/\"><img decoding=\"async\" src=\"https:\/\/e-mn.at\/elektrik\/wp-content\/uploads\/2025\/10\/elektrotechnik-martin-nill-netzwerktest-datenverkabelung-wien.jpg\" alt=\"Zukunftssichere Netzwerkverkabelung: Maximale Bandbreite f\u00fcr Ihr Business.\"><\/a>\n                            <div class=\"bauen-project-content\">\n                                <p><\/p>\n                                <h5 class=\"bu-post-title\"><a href=\"https:\/\/e-mn.at\/elektrik\/portfolio\/netzwerkverkabelungen\/\">Zukunftssichere Netzwerkverkabelung: Maximale Bandbreite f\u00fcr Ihr Business.<\/a><\/h5>\n                            <\/div>\n                        <\/div>\n                    <\/div>\n\t\t\t\t\t\t\t\t\t\t\n\t\t\t\t\t\t\t\t\t\n\t\t\t\t\t\t\t\t\t\t<div class=\"isotope-item col-md-6 \">\n                        <div class=\"bauen-project-wrap\">\n                            <a href=\"https:\/\/e-mn.at\/elektrik\/portfolio\/elektrobefunde\/\"><img decoding=\"async\" src=\"https:\/\/e-mn.at\/elektrik\/wp-content\/uploads\/2025\/10\/Elektrobefund_1230_Wien_Uebersicht.jpg\" alt=\"E-Befund: Ihr rechtsg\u00fcltiger E-Check vom zertifizierten Experten\"><\/a>\n                            <div class=\"bauen-project-content\">\n                                <p><\/p>\n                                <h5 class=\"bu-post-title\"><a href=\"https:\/\/e-mn.at\/elektrik\/portfolio\/elektrobefunde\/\">E-Befund: Ihr rechtsg\u00fcltiger E-Check vom zertifizierten Experten<\/a><\/h5>\n                            <\/div>\n                        <\/div>\n                    <\/div>\n\t\t\t\t\t\t\t\t\t\t\n\t\t\t\t\t\t\t\t\t\n\t\t\t\t\t\t\t\t\t\t<div class=\"isotope-item col-md-6 \">\n                        <div class=\"bauen-project-wrap\">\n                            <a href=\"https:\/\/e-mn.at\/elektrik\/portfolio\/geraeteueberpruefungen\/\"><img decoding=\"async\" src=\"https:\/\/e-mn.at\/elektrik\/wp-content\/uploads\/2025\/10\/Elektro_Geraeteueberpruefungen_Wien_Uebersicht.jpg\" alt=\"Ger\u00e4tepr\u00fcfungen: Rechtssicherheit &#038; Unfallschutz f\u00fcr Ihren Betrieb.\"><\/a>\n                            <div class=\"bauen-project-content\">\n                                <p><\/p>\n                                <h5 class=\"bu-post-title\"><a href=\"https:\/\/e-mn.at\/elektrik\/portfolio\/geraeteueberpruefungen\/\">Ger\u00e4tepr\u00fcfungen: Rechtssicherheit &#038; Unfallschutz f\u00fcr Ihren Betrieb.<\/a><\/h5>\n                            <\/div>\n                        <\/div>\n                    <\/div>\n\t\t\t\t\t\t\t\t\t\t\n\t\t\t\t\t\t\t\t\t\n\t\t\t\t\t\t\t\t\t\t<div class=\"isotope-item col-md-6 \">\n                        <div class=\"bauen-project-wrap\">\n                            <a href=\"https:\/\/e-mn.at\/elektrik\/portfolio\/pv-anlagen\/\"><img decoding=\"async\" src=\"https:\/\/e-mn.at\/elektrik\/wp-content\/uploads\/2025\/10\/photovoltaik-anlage-flachdach-wien-elektrotechnik-martin-nill.jpg\" alt=\"Beratung f\u00fcr PV-Anlagen: Maximale Rendite &#038; Planungssicherheit.\"><\/a>\n                            <div class=\"bauen-project-content\">\n                                <p><\/p>\n                                <h5 class=\"bu-post-title\"><a href=\"https:\/\/e-mn.at\/elektrik\/portfolio\/pv-anlagen\/\">Beratung f\u00fcr PV-Anlagen: Maximale Rendite &#038; Planungssicherheit.<\/a><\/h5>\n                            <\/div>\n                        <\/div>\n                    <\/div>\n\t\t\t\t\t\t\t\t\t\t\n\t\t\t\t\t\t\t\t\t\n\t\t\t\t\t\t\t\t\t\t<div class=\"isotope-item col-md-6 \">\n                        <div class=\"bauen-project-wrap\">\n                            <a href=\"https:\/\/e-mn.at\/elektrik\/portfolio\/e-tankstellen\/\"><img decoding=\"async\" src=\"https:\/\/e-mn.at\/elektrik\/wp-content\/uploads\/2025\/10\/wallbox-tiefgarage-elektroauto-ladestation-wien-elektrotechnik-martin-nill.jpg\" alt=\"E-Auto Ladestationen: Planung, Installation und Service\"><\/a>\n                            <div class=\"bauen-project-content\">\n                                <p><\/p>\n                                <h5 class=\"bu-post-title\"><a href=\"https:\/\/e-mn.at\/elektrik\/portfolio\/e-tankstellen\/\">E-Auto Ladestationen: Planung, Installation und Service<\/a><\/h5>\n                            <\/div>\n                        <\/div>\n                    <\/div>\n\t\t\t\t\t\t\t\t\t\t\n\t\t\t\t\t\t\t\t\t\n\t\t\t\t\t\t\t\t\t\t<div class=\"isotope-item col-md-6 \">\n                        <div class=\"bauen-project-wrap\">\n                            <a href=\"https:\/\/e-mn.at\/elektrik\/portfolio\/sprechanlagen\/\"><img decoding=\"async\" src=\"https:\/\/e-mn.at\/elektrik\/wp-content\/uploads\/2025\/10\/sprechanlage-mehrparteienhaus-videoanlage-elektrotechnik-martin-nill-wien.jpg\" alt=\"Sprechanlagen: Sehen, H\u00f6ren, \u00d6ffnen \u2013 Mit voller Kontrolle.\"><\/a>\n                            <div class=\"bauen-project-content\">\n                                <p><\/p>\n                                <h5 class=\"bu-post-title\"><a href=\"https:\/\/e-mn.at\/elektrik\/portfolio\/sprechanlagen\/\">Sprechanlagen: Sehen, H\u00f6ren, \u00d6ffnen \u2013 Mit voller Kontrolle.<\/a><\/h5>\n                            <\/div>\n                        <\/div>\n                    <\/div>\n\t\t\t\t\t\t\t\t\t\t\n\t\t\t\t\t\t\t\t\t\n\t\t\t\t\t\t\t\t\t\t<div class=\"isotope-item col-md-6 \">\n                        <div class=\"bauen-project-wrap\">\n                            <a href=\"https:\/\/e-mn.at\/elektrik\/portfolio\/beratung-planung\/\"><img decoding=\"async\" src=\"https:\/\/e-mn.at\/elektrik\/wp-content\/uploads\/2025\/10\/elektroplan-beratung-planung-elektrotechnik-martin-nill-wien.jpg\" alt=\"Elektroplanung mit System: Beratung und Konzeption f\u00fcr zukunftssichere Projekte.\"><\/a>\n                            <div class=\"bauen-project-content\">\n                                <p><\/p>\n                                <h5 class=\"bu-post-title\"><a href=\"https:\/\/e-mn.at\/elektrik\/portfolio\/beratung-planung\/\">Elektroplanung mit System: Beratung und Konzeption f\u00fcr zukunftssichere Projekte.<\/a><\/h5>\n                            <\/div>\n                        <\/div>\n                    <\/div>\n\t\t\t\t\t\t\t\t\t\t\n\t\t\t\t\t\t\t\t\t\n\t\t        <\/div> \n\t\t    <\/div> \t\t\t\n\t\t<\/div>\n\t\t\n        \t\t\t\t<\/div>\n\t\t\t\t<\/div>\n\t\t\t\t\t<\/div>\n\t\t<\/div>\n\t\t\t\t\t<\/div>\n\t\t<\/div>\n\t\t\t\t\t<\/div>\n\t\t<\/div>\n\t\t\t\t\t<\/div>\n\t\t<\/section>\n\t\t\t\t<section class=\"elementor-section elementor-top-section elementor-element elementor-element-9d466c6 elementor-section-full_width elementor-section-height-default elementor-section-height-default\" data-id=\"9d466c6\" data-element_type=\"section\" data-settings=\"{&quot;background_background&quot;:&quot;classic&quot;}\">\n\t\t\t\t\t\t\t<div class=\"elementor-background-overlay\"><\/div>\n\t\t\t\t\t\t\t<div class=\"elementor-container elementor-column-gap-default\">\n\t\t\t\t\t<div class=\"elementor-column elementor-col-100 elementor-top-column elementor-element elementor-element-82d6234\" data-id=\"82d6234\" data-element_type=\"column\">\n\t\t\t<div class=\"elementor-widget-wrap elementor-element-populated\">\n\t\t\t\t\t\t<div class=\"elementor-section elementor-inner-section elementor-element elementor-element-9b47b66 elementor-section-boxed elementor-section-height-default elementor-section-height-default\" data-id=\"9b47b66\" data-element_type=\"section\">\n\t\t\t\t\t\t<div class=\"elementor-container elementor-column-gap-default\">\n\t\t\t\t\t<div class=\"elementor-column elementor-col-33 elementor-inner-column elementor-element elementor-element-abe7a6f\" data-id=\"abe7a6f\" data-element_type=\"column\">\n\t\t\t<div class=\"elementor-widget-wrap elementor-element-populated\">\n\t\t\t\t\t\t<div class=\"elementor-element elementor-element-f283b22 elementor-widget elementor-widget-spacer\" data-id=\"f283b22\" data-element_type=\"widget\" data-widget_type=\"spacer.default\">\n\t\t\t\t<div class=\"elementor-widget-container\">\n\t\t\t\t\t\t\t<div class=\"elementor-spacer\">\n\t\t\t<div class=\"elementor-spacer-inner\"><\/div>\n\t\t<\/div>\n\t\t\t\t\t\t<\/div>\n\t\t\t\t<\/div>\n\t\t\t\t<div class=\"elementor-element elementor-element-c0b322c elementor-view-stacked elementor-shape-circle elementor-position-block-start elementor-mobile-position-block-start elementor-widget elementor-widget-icon-box\" data-id=\"c0b322c\" data-element_type=\"widget\" data-widget_type=\"icon-box.default\">\n\t\t\t\t<div class=\"elementor-widget-container\">\n\t\t\t\t\t\t\t<div class=\"elementor-icon-box-wrapper\">\n\n\t\t\t\t\t\t<div class=\"elementor-icon-box-icon\">\n\t\t\t\t<a href=\"https:\/\/www.google.com\/search?client=firefox-b-d&#038;sca_esv=781fa1a7ec643214&#038;hl=de-AT&#038;sxsrf=ACQVn09IsFOB_4dS5QrGsCX21EcaIhoj-A:1711115377810&#038;uds=AMwkrPtyB8MsmozA4Lwzqy2G2HCuMxHJHoLIcRQDrVp0c7e2Si1FZM4aINZcuyPdKdPoLJshzFEpTA9knrXb5pMi6gCYiEDLN8GKf-3NdZnjwcmXFRuJJE9Jc_gvkSU0RgiKx7Na0eZhxtKwWf6RGDReFkunTDdeO15-fwFw_OvjpibiT4AXjtA&#038;si=AKbGX_oXOTjHK3vNPxrwAU4tsC2W_rsdJDrrSHpqUAOdbOh1q2JO5vqIL_4bGueyEAXP3nuGeNv4DpqowLEF2Hc-cCZVSbz8rBlSAgoMh9uovX0u82ctLGA%3D&#038;q=Elektrotechnik+Martin+Nill+Rezensionen&#038;sa=X&#038;ved=2ahUKEwiGtojCgYiFAxWZRvEDHegHAZwQ3PALegQIURAF&#038;biw=2560&#038;bih=1251&#038;dpr=1\" target=\"_blank\" class=\"elementor-icon\" tabindex=\"-1\" aria-label=\"Hier geht\u00b4s zu allen &lt;br&gt; Google Bewertungen\">\n\t\t\t\t<svg aria-hidden=\"true\" class=\"e-font-icon-svg e-fab-google\" viewBox=\"0 0 488 512\" xmlns=\"http:\/\/www.w3.org\/2000\/svg\"><path d=\"M488 261.8C488 403.3 391.1 504 248 504 110.8 504 0 393.2 0 256S110.8 8 248 8c66.8 0 123 24.5 166.3 64.9l-67.5 64.9C258.5 52.6 94.3 116.6 94.3 256c0 86.5 69.1 156.6 153.7 156.6 98.2 0 135-70.4 140.8-106.9H248v-85.3h236.1c2.3 12.7 3.9 24.9 3.9 41.4z\"><\/path><\/svg>\t\t\t\t<\/a>\n\t\t\t<\/div>\n\t\t\t\n\t\t\t\t\t\t<div class=\"elementor-icon-box-content\">\n\n\t\t\t\t\t\t\t\t\t<h2 class=\"elementor-icon-box-title\">\n\t\t\t\t\t\t<a href=\"https:\/\/www.google.com\/search?client=firefox-b-d&#038;sca_esv=781fa1a7ec643214&#038;hl=de-AT&#038;sxsrf=ACQVn09IsFOB_4dS5QrGsCX21EcaIhoj-A:1711115377810&#038;uds=AMwkrPtyB8MsmozA4Lwzqy2G2HCuMxHJHoLIcRQDrVp0c7e2Si1FZM4aINZcuyPdKdPoLJshzFEpTA9knrXb5pMi6gCYiEDLN8GKf-3NdZnjwcmXFRuJJE9Jc_gvkSU0RgiKx7Na0eZhxtKwWf6RGDReFkunTDdeO15-fwFw_OvjpibiT4AXjtA&#038;si=AKbGX_oXOTjHK3vNPxrwAU4tsC2W_rsdJDrrSHpqUAOdbOh1q2JO5vqIL_4bGueyEAXP3nuGeNv4DpqowLEF2Hc-cCZVSbz8rBlSAgoMh9uovX0u82ctLGA%3D&#038;q=Elektrotechnik+Martin+Nill+Rezensionen&#038;sa=X&#038;ved=2ahUKEwiGtojCgYiFAxWZRvEDHegHAZwQ3PALegQIURAF&#038;biw=2560&#038;bih=1251&#038;dpr=1\" target=\"_blank\" >\n\t\t\t\t\t\t\tHier geht\u00b4s zu allen <br> Google Bewertungen\t\t\t\t\t\t<\/a>\n\t\t\t\t\t<\/h2>\n\t\t\t\t\n\t\t\t\t\n\t\t\t<\/div>\n\t\t\t\n\t\t<\/div>\n\t\t\t\t\t\t<\/div>\n\t\t\t\t<\/div>\n\t\t\t\t\t<\/div>\n\t\t<\/div>\n\t\t\t\t<div class=\"elementor-column elementor-col-33 elementor-inner-column elementor-element elementor-element-1fd615c\" data-id=\"1fd615c\" data-element_type=\"column\">\n\t\t\t<div class=\"elementor-widget-wrap\">\n\t\t\t\t\t\t\t<\/div>\n\t\t<\/div>\n\t\t\t\t<div class=\"elementor-column elementor-col-33 elementor-inner-column elementor-element elementor-element-b4a1cda\" data-id=\"b4a1cda\" data-element_type=\"column\">\n\t\t\t<div class=\"elementor-widget-wrap elementor-element-populated\">\n\t\t\t\t\t\t<div class=\"elementor-element elementor-element-a9a0e9e elementor-invisible elementor-widget elementor-widget-bauen-testimonials\" data-id=\"a9a0e9e\" data-element_type=\"widget\" data-settings=\"{&quot;_animation&quot;:&quot;fadeInUp&quot;}\" data-widget_type=\"bauen-testimonials.default\">\n\t\t\t\t<div class=\"elementor-widget-container\">\n\t\t\t\t\t\n        \t\t\t\n\t\t<div class=\"testimonials\">\n\t\t\t<div class=\"sec-testimonials-carousel testimonials-box\">\n\t\t\t    \t\t\t\t<div class=\"head-box\">\n\t\t\t\t\t<h4>Das sagen unsere Kunden<\/h4>\n\t\t\t\t<\/div>\t\n\t\t\t\t\t\t\t\t<div class=\"owl-carousel owl-theme\" data-testimonials-autoplay=\"false\" data-testimonials-speed=\"500\" data-testimonials-autoplay-timeout=\"5000\" data-rtl=\"false\">\n\t\t\t\t\t\t\t\t\t\t<div class=\"item\"> <span class=\"quote\"><img decoding=\"async\" src=\"https:\/\/e-mn.at\/elektrik\/wp-content\/themes\/bauen\/includes\/images\/quot.png\" alt=\"quote\"><\/span>\n\t\t\t\t\t\t<p><p><span class=\"wiI7pd\">Ein gro\u00dfes Dankesch\u00f6n f\u00fcr die rasche und saubere Arbeit. Die Anlage (Hackschnitzelheizung) funktioniert reibungslos. Solche Betriebe mit Handschlagqualit\u00e4t sind heute selten, bitte bleiben Sie so wie Sie sind und hoffentlich bleiben Sie uns noch lange erhalten.<\/span><\/p><\/p>\n\t\t\t\t\t\t<div class=\"info\">\n\t\t\t\t\t\t\t\t\t\t\t\t\t\t<div class=\"author-img\"> <img decoding=\"async\" src=\"https:\/\/e-mn.at\/elektrik\/wp-content\/uploads\/2022\/05\/Elektriker_Wien_Meinungen_Manuela.jpg\" alt=\"\"> <\/div>\n\t\t\t\t\t\t\t\t\t\t\t\t\t\t<div class=\"cont \">\n\t\t\t\t\t\t\t\t\t\t\t\t\t\t\t\t<h6>Manuela S.<\/h6>\t\n\t\t\t\t\t\t\t\t\t\t\t\t\t\t\t\t<span>Privatkundin<\/span>\n\t\t\t\t\t\t\t\t\t\t\n\t\t\t\t\t\t\t<\/div>\n\t\t\t\t\t\t<\/div>\t\t\t\t\t\t\t\t\t\t\n\t\t\t\t\t<\/div>\n\t\t\t\t\t\t\t\t\t\t<div class=\"item\"> <span class=\"quote\"><img decoding=\"async\" src=\"https:\/\/e-mn.at\/elektrik\/wp-content\/themes\/bauen\/includes\/images\/quot.png\" alt=\"quote\"><\/span>\n\t\t\t\t\t\t<p><p>Ich habe Herrn Nill schon mehrmals beauftragt, sei es von der Planung und Umsetzung der gesamten Elektroinstallation und Verkabelung unseres IT Unternehmens, bis zur kompletten Umsetzung aller elektrischen Aufgaben beim Bau unseres Einfamilienhauses.<\/p><\/p>\n\t\t\t\t\t\t<div class=\"info\">\n\t\t\t\t\t\t\t\t\t\t\t\t\t\t<div class=\"author-img\"> <img decoding=\"async\" src=\"https:\/\/e-mn.at\/elektrik\/wp-content\/uploads\/2022\/05\/Elektriker_1230_Wien_Meinungen_Stephan.jpg\" alt=\"\"> <\/div>\n\t\t\t\t\t\t\t\t\t\t\t\t\t\t<div class=\"cont \">\n\t\t\t\t\t\t\t\t\t\t\t\t\t\t\t\t<h6>Stefan H.<\/h6>\t\n\t\t\t\t\t\t\t\t\t\t\t\t\t\t\t\t<span>Unternehmer<\/span>\n\t\t\t\t\t\t\t\t\t\t\n\t\t\t\t\t\t\t<\/div>\n\t\t\t\t\t\t<\/div>\t\t\t\t\t\t\t\t\t\t\n\t\t\t\t\t<\/div>\n\t\t\t\t\t\t\t\t\t\t<div class=\"item\"> <span class=\"quote\"><img decoding=\"async\" src=\"https:\/\/e-mn.at\/elektrik\/wp-content\/themes\/bauen\/includes\/images\/quot.png\" alt=\"quote\"><\/span>\n\t\t\t\t\t\t<p><p>Sehr zu empfehlen! Wir haben die komplette Elektronik im Zuge unserer Haussanierung erneuern lassen und waren au\u00dferordentlich zufrieden mit der Abwicklung und der Arbeit von Martin.<\/p><\/p>\n\t\t\t\t\t\t<div class=\"info\">\n\t\t\t\t\t\t\t\t\t\t\t\t\t\t<div class=\"author-img\"> <img decoding=\"async\" src=\"https:\/\/e-mn.at\/elektrik\/wp-content\/uploads\/2022\/05\/Elektriker_1230_Wien_Meinungen_Simone.jpg\" alt=\"\"> <\/div>\n\t\t\t\t\t\t\t\t\t\t\t\t\t\t<div class=\"cont \">\n\t\t\t\t\t\t\t\t\t\t\t\t\t\t\t\t<h6>Simone H.<\/h6>\t\n\t\t\t\t\t\t\t\t\t\t\t\t\t\t\t\t<span>Hausbesitzerin<\/span>\n\t\t\t\t\t\t\t\t\t\t\n\t\t\t\t\t\t\t<\/div>\n\t\t\t\t\t\t<\/div>\t\t\t\t\t\t\t\t\t\t\n\t\t\t\t\t<\/div>\n\t\t\t\t\t\t\t\t\t<\/div>\t\t\n\t\t\t<\/div>\t\t\n\t\t<\/div>\t\n\t\t\n        \t\t\t\t<\/div>\n\t\t\t\t<\/div>\n\t\t\t\t\t<\/div>\n\t\t<\/div>\n\t\t\t\t\t<\/div>\n\t\t<\/div>\n\t\t\t\t\t<\/div>\n\t\t<\/div>\n\t\t\t\t\t<\/div>\n\t\t<\/section>\n\t\t\t\t<\/div>\n\t\t","protected":false},"excerpt":{"rendered":"<p>Unsere Leistungen Mit unserem geschulten und motivierten Team decken wir nahezu alle Bereiche der Elektrotechnik ab. Egal, ob kleinere Reparaturen, umfangreiche Installationen oder komplexe Projekte \u2013 wir f\u00fchren jede Arbeit h\u00f6chster Qualit\u00e4t, normgerecht, schnell und sicher durch. Unser Hauptfokus liegt auf: \u00a0 St\u00f6rungsbehebungen in Wien: Schnelle, zuverl\u00e4ssige L\u00f6sungen bei Stromausf\u00e4llen und technischen Problemen. Anlagen\u00fcberpr\u00fcfungen &amp; Elektrobefunde: Fachgerechte Kontrolle und Dokumentation&#8230;<\/p>\n","protected":false},"author":1,"featured_media":0,"parent":0,"menu_order":0,"comment_status":"closed","ping_status":"closed","template":"","meta":{"om_disable_all_campaigns":false,"_monsterinsights_skip_tracking":false,"_monsterinsights_sitenote_active":false,"_monsterinsights_sitenote_note":"","_monsterinsights_sitenote_category":0,"footnotes":"","_links_to":"","_links_to_target":""},"class_list":["post-1247","page","type-page","status-publish","hentry"],"aioseo_notices":[],"_links":{"self":[{"href":"https:\/\/e-mn.at\/elektrik\/wp-json\/wp\/v2\/pages\/1247","targetHints":{"allow":["GET"]}}],"collection":[{"href":"https:\/\/e-mn.at\/elektrik\/wp-json\/wp\/v2\/pages"}],"about":[{"href":"https:\/\/e-mn.at\/elektrik\/wp-json\/wp\/v2\/types\/page"}],"author":[{"embeddable":true,"href":"https:\/\/e-mn.at\/elektrik\/wp-json\/wp\/v2\/users\/1"}],"replies":[{"embeddable":true,"href":"https:\/\/e-mn.at\/elektrik\/wp-json\/wp\/v2\/comments?post=1247"}],"version-history":[{"count":111,"href":"https:\/\/e-mn.at\/elektrik\/wp-json\/wp\/v2\/pages\/1247\/revisions"}],"predecessor-version":[{"id":4549,"href":"https:\/\/e-mn.at\/elektrik\/wp-json\/wp\/v2\/pages\/1247\/revisions\/4549"}],"wp:attachment":[{"href":"https:\/\/e-mn.at\/elektrik\/wp-json\/wp\/v2\/media?parent=1247"}],"curies":[{"name":"wp","href":"https:\/\/api.w.org\/{rel}","templated":true}]}}