{"id":3287,"date":"2024-04-01T11:35:29","date_gmt":"2024-04-01T09:35:29","guid":{"rendered":"https:\/\/e-mn.at\/elektrik\/?page_id=3287"},"modified":"2026-01-21T14:13:50","modified_gmt":"2026-01-21T13:13:50","slug":"impressum","status":"publish","type":"page","link":"https:\/\/e-mn.at\/elektrik\/impressum\/","title":{"rendered":"Impressum"},"content":{"rendered":"\t\t<div data-elementor-type=\"wp-page\" data-elementor-id=\"3287\" class=\"elementor elementor-3287\" data-elementor-post-type=\"page\">\n\t\t\t\t<div class=\"elementor-element elementor-element-3e3ca5f1 e-flex e-con-boxed e-con e-parent\" data-id=\"3e3ca5f1\" data-element_type=\"container\">\n\t\t\t\t\t<div class=\"e-con-inner\">\n\t\t\t\t<div class=\"elementor-element elementor-element-524cbf0 elementor-widget elementor-widget-heading\" data-id=\"524cbf0\" data-element_type=\"widget\" data-widget_type=\"heading.default\">\n\t\t\t\t<div class=\"elementor-widget-container\">\n\t\t\t\t\t<h2 class=\"elementor-heading-title elementor-size-default\">Firmendaten<\/h2>\t\t\t\t<\/div>\n\t\t\t\t<\/div>\n\t\t<div class=\"elementor-element elementor-element-4224457 e-grid e-con-boxed e-con e-child\" data-id=\"4224457\" data-element_type=\"container\">\n\t\t\t\t\t<div class=\"e-con-inner\">\n\t\t\t\t<div class=\"elementor-element elementor-element-a57e670 elementor-widget elementor-widget-text-editor\" data-id=\"a57e670\" data-element_type=\"widget\" data-widget_type=\"text-editor.default\">\n\t\t\t\t<div class=\"elementor-widget-container\">\n\t\t\t\t\t\t\t\t\t<p>B\u00fcro &amp; Lager<\/p><p>\u00a0<\/p><p><strong>Elektrotechnik Martin Nill<\/strong><\/p><p>Jochen-Rindt-Stra\u00dfe\u00a015<\/p><p>1230 Wien<\/p>\t\t\t\t\t\t\t\t<\/div>\n\t\t\t\t<\/div>\n\t\t\t\t<div class=\"elementor-element elementor-element-3e9b0e6 elementor-widget elementor-widget-text-editor\" data-id=\"3e9b0e6\" data-element_type=\"widget\" data-widget_type=\"text-editor.default\">\n\t\t\t\t<div class=\"elementor-widget-container\">\n\t\t\t\t\t\t\t\t\t<p>Firmenanschrift:<\/p><p>\u00a0<\/p><p><strong>Elektrotechnik Martin Nill<\/strong><\/p><p>Dr.-Pirnitzer-Platz 9<\/p><p>1230 Wien<\/p>\t\t\t\t\t\t\t\t<\/div>\n\t\t\t\t<\/div>\n\t\t\t\t<div class=\"elementor-element elementor-element-9e87353 elementor-widget elementor-widget-text-editor\" data-id=\"9e87353\" data-element_type=\"widget\" data-widget_type=\"text-editor.default\">\n\t\t\t\t<div class=\"elementor-widget-container\">\n\t\t\t\t\t\t\t\t\t<p><strong>GLN (der \u00f6ffentlichen Verwaltung)<\/strong><\/p><p><br \/>9110006969872<\/p>\t\t\t\t\t\t\t\t<\/div>\n\t\t\t\t<\/div>\n\t\t\t\t\t<\/div>\n\t\t\t\t<\/div>\n\t\t<div class=\"elementor-element elementor-element-9953034 e-grid e-con-full e-con e-child\" data-id=\"9953034\" data-element_type=\"container\">\n\t\t\t\t<div class=\"elementor-element elementor-element-2e20ce9 elementor-widget elementor-widget-text-editor\" data-id=\"2e20ce9\" data-element_type=\"widget\" data-widget_type=\"text-editor.default\">\n\t\t\t\t<div class=\"elementor-widget-container\">\n\t\t\t\t\t\t\t\t\t<p><strong>Anwendbare Rechtsvorschriften<\/strong><br \/><a href=\"http:\/\/www.ris2.bka.gv.at\">http:\/\/www.ris2.bka.gv.at<\/a><\/p>\t\t\t\t\t\t\t\t<\/div>\n\t\t\t\t<\/div>\n\t\t\t\t<div class=\"elementor-element elementor-element-dd479fc elementor-widget elementor-widget-text-editor\" data-id=\"dd479fc\" data-element_type=\"widget\" data-widget_type=\"text-editor.default\">\n\t\t\t\t<div class=\"elementor-widget-container\">\n\t\t\t\t\t\t\t\t\t<p><strong>Gr\u00fcndungsjahr<\/strong><br \/>2010<\/p>\t\t\t\t\t\t\t\t<\/div>\n\t\t\t\t<\/div>\n\t\t\t\t<div class=\"elementor-element elementor-element-23828f3 elementor-widget elementor-widget-text-editor\" data-id=\"23828f3\" data-element_type=\"widget\" data-widget_type=\"text-editor.default\">\n\t\t\t\t<div class=\"elementor-widget-container\">\n\t\t\t\t\t\t\t\t\t<p><strong>UID-Nummer<\/strong><br \/>ATU82752718<\/p>\t\t\t\t\t\t\t\t<\/div>\n\t\t\t\t<\/div>\n\t\t\t\t<\/div>\n\t\t<div class=\"elementor-element elementor-element-5d87abe e-grid e-con-full e-con e-child\" data-id=\"5d87abe\" data-element_type=\"container\">\n\t\t\t\t<div class=\"elementor-element elementor-element-1bc41c7 elementor-widget elementor-widget-text-editor\" data-id=\"1bc41c7\" data-element_type=\"widget\" data-widget_type=\"text-editor.default\">\n\t\t\t\t<div class=\"elementor-widget-container\">\n\t\t\t\t\t\t\t\t\t<p><strong>Weitere Aufsichtsbeh\u00f6rde (gem. ECG)<\/strong><br \/>Keine<\/p>\t\t\t\t\t\t\t\t<\/div>\n\t\t\t\t<\/div>\n\t\t\t\t<div class=\"elementor-element elementor-element-9c22817 elementor-widget elementor-widget-text-editor\" data-id=\"9c22817\" data-element_type=\"widget\" data-widget_type=\"text-editor.default\">\n\t\t\t\t<div class=\"elementor-widget-container\">\n\t\t\t\t\t\t\t\t\t<p><strong>Rechtsform<\/strong><br \/>GesmbH<\/p>\t\t\t\t\t\t\t\t<\/div>\n\t\t\t\t<\/div>\n\t\t\t\t<div class=\"elementor-element elementor-element-3eba10e elementor-widget elementor-widget-text-editor\" data-id=\"3eba10e\" data-element_type=\"widget\" data-widget_type=\"text-editor.default\">\n\t\t\t\t<div class=\"elementor-widget-container\">\n\t\t\t\t\t\t\t\t\t<p><strong>Sonstige Informationen nach \u00a714 UGB<\/strong><br \/>Keine<\/p>\t\t\t\t\t\t\t\t<\/div>\n\t\t\t\t<\/div>\n\t\t\t\t<\/div>\n\t\t\t\t\t<\/div>\n\t\t\t\t<\/div>\n\t\t<div class=\"elementor-element elementor-element-c101ae9 e-flex e-con-boxed e-con e-parent\" data-id=\"c101ae9\" data-element_type=\"container\">\n\t\t\t\t\t<div class=\"e-con-inner\">\n\t\t\t\t<div class=\"elementor-element elementor-element-2e9d0e4 elementor-widget elementor-widget-heading\" data-id=\"2e9d0e4\" data-element_type=\"widget\" data-widget_type=\"heading.default\">\n\t\t\t\t<div class=\"elementor-widget-container\">\n\t\t\t\t\t<h2 class=\"elementor-heading-title elementor-size-default\">Bankverbindung<\/h2>\t\t\t\t<\/div>\n\t\t\t\t<\/div>\n\t\t<div class=\"elementor-element elementor-element-9c34dd4 e-grid e-con-boxed e-con e-child\" data-id=\"9c34dd4\" data-element_type=\"container\">\n\t\t\t\t\t<div class=\"e-con-inner\">\n\t\t\t\t<div class=\"elementor-element elementor-element-9592417 elementor-widget elementor-widget-text-editor\" data-id=\"9592417\" data-element_type=\"widget\" data-widget_type=\"text-editor.default\">\n\t\t\t\t<div class=\"elementor-widget-container\">\n\t\t\t\t\t\t\t\t\t<p><strong>BIC (Bank Identifier Code)<\/strong><br \/>BAWAATWW<\/p>\t\t\t\t\t\t\t\t<\/div>\n\t\t\t\t<\/div>\n\t\t\t\t<div class=\"elementor-element elementor-element-a6ee3bc elementor-widget elementor-widget-text-editor\" data-id=\"a6ee3bc\" data-element_type=\"widget\" data-widget_type=\"text-editor.default\">\n\t\t\t\t<div class=\"elementor-widget-container\">\n\t\t\t\t\t\t\t\t\t<p><strong>IBAN (International Account Number)<\/strong><\/p><p>AT81 1420 0200 1485 9463<\/p>\t\t\t\t\t\t\t\t<\/div>\n\t\t\t\t<\/div>\n\t\t\t\t\t<\/div>\n\t\t\t\t<\/div>\n\t\t\t\t\t<\/div>\n\t\t\t\t<\/div>\n\t\t<div class=\"elementor-element elementor-element-60932fd e-flex e-con-boxed e-con e-parent\" data-id=\"60932fd\" data-element_type=\"container\">\n\t\t\t\t\t<div class=\"e-con-inner\">\n\t\t\t\t<div class=\"elementor-element elementor-element-28ebf2d elementor-widget elementor-widget-heading\" data-id=\"28ebf2d\" data-element_type=\"widget\" data-widget_type=\"heading.default\">\n\t\t\t\t<div class=\"elementor-widget-container\">\n\t\t\t\t\t<h2 class=\"elementor-heading-title elementor-size-default\">Offenlegung nach Mediengesetz<\/h2>\t\t\t\t<\/div>\n\t\t\t\t<\/div>\n\t\t\t\t<div class=\"elementor-element elementor-element-3482f57 elementor-widget elementor-widget-text-editor\" data-id=\"3482f57\" data-element_type=\"widget\" data-widget_type=\"text-editor.default\">\n\t\t\t\t<div class=\"elementor-widget-container\">\n\t\t\t\t\t\t\t\t\t<section class=\"elementor-section elementor-top-section elementor-element elementor-element-263f373 elementor-section-boxed elementor-section-height-default elementor-section-height-default\" data-id=\"263f373\" data-element_type=\"section\"><div class=\"elementor-container elementor-column-gap-default\"><div class=\"elementor-column elementor-col-100 elementor-top-column elementor-element elementor-element-14a9874\" data-id=\"14a9874\" data-element_type=\"column\"><div class=\"elementor-widget-wrap elementor-element-populated\"><div class=\"elementor-element elementor-element-c3cfd50 elementor-widget elementor-widget-text-editor\" data-id=\"c3cfd50\" data-element_type=\"widget\" data-widget_type=\"text-editor.default\"><div class=\"elementor-widget-container\"><p><strong>Medieninhaber<\/strong><br \/>Martin Nill<\/p><p>\u00a0<\/p><p><strong>Firmensitz (Ort der Hauptniederlassung)<\/strong><br \/>Jochen-Rindt-Stra\u00dfe\u00a015, 1230 Wien<\/p><p>\u00a0<\/p><p><strong>Unternehmensgegenstand<\/strong><br \/>Handelsagent und Handelsgewerbe mit Ausnahme von regelmentierten Handelsgewerbe, zu welchen insbesondere der Handel mit Medizinprodukten, Waffen und pyrotechnischen Artikeln z\u00e4hlen.<\/p><p>\u00a0<\/p><p>Elektrotechnik, eingeschr\u00e4nkt auf die Installation elektrischer Starkstromanlagen und -einrichtungen ohne Einschr\u00e4nkung hinsichtlich der Leistung oder der Spannung, die Errichtung von Blitzschutzanlagen sowie die Errichtung von Brandmeldeanlagen.<\/p><p>\u00a0<\/p><p><strong>Beteiligungen<\/strong><br \/>Keine<\/p><p>\u00a0<\/p><p><strong>Gesch\u00e4ftsf\u00fchrer, Mitglieder des Vorstandes bzw. Aufsichtsrates<\/strong><br \/>Martin Nill<\/p><p>\u00a0<\/p><p><strong>Blattlinie<\/strong><br \/>Pr\u00e4sentation des eigenen Unternehmens<\/p><\/div><\/div><\/div><\/div><\/div><\/section>\t\t\t\t\t\t\t\t<\/div>\n\t\t\t\t<\/div>\n\t\t\t\t\t<\/div>\n\t\t\t\t<\/div>\n\t\t<div class=\"elementor-element elementor-element-c2cc036 e-flex e-con-boxed e-con e-parent\" data-id=\"c2cc036\" data-element_type=\"container\">\n\t\t\t\t\t<div class=\"e-con-inner\">\n\t\t\t\t<div class=\"elementor-element elementor-element-48c3614 elementor-widget elementor-widget-heading\" data-id=\"48c3614\" data-element_type=\"widget\" data-widget_type=\"heading.default\">\n\t\t\t\t<div class=\"elementor-widget-container\">\n\t\t\t\t\t<h2 class=\"elementor-heading-title elementor-size-default\">Berechtigungen aufrecht<\/h2>\t\t\t\t<\/div>\n\t\t\t\t<\/div>\n\t\t<div class=\"elementor-element elementor-element-5740119 e-grid e-con-boxed e-con e-child\" data-id=\"5740119\" data-element_type=\"container\">\n\t\t\t\t\t<div class=\"e-con-inner\">\n\t\t\t\t<div class=\"elementor-element elementor-element-7851771 elementor-widget elementor-widget-text-editor\" data-id=\"7851771\" data-element_type=\"widget\" data-widget_type=\"text-editor.default\">\n\t\t\t\t<div class=\"elementor-widget-container\">\n\t\t\t\t\t\t\t\t\t<p>Seit 7.2.2023 f\u00fcr den Standort<br \/>1230 Wien, Dr.-Pirnitzer-Platz 9 (kann vom Gr\u00fcndungsdatum abweichen)<br \/>Gewerberechtliche Gesch\u00e4ftsf\u00fchrung: \u2013<br \/>Berufszweig: Elektrotechnik<\/p>\t\t\t\t\t\t\t\t<\/div>\n\t\t\t\t<\/div>\n\t\t\t\t<div class=\"elementor-element elementor-element-74c9b93 elementor-widget elementor-widget-text-editor\" data-id=\"74c9b93\" data-element_type=\"widget\" data-widget_type=\"text-editor.default\">\n\t\t\t\t<div class=\"elementor-widget-container\">\n\t\t\t\t\t\t\t\t\t<p>Seit 8.11.2010 f\u00fcr den Standort<br \/>1230 Wien, Dr.-Pirnitzer-Platz 9 (kann vom Gr\u00fcndungsdatum abweichen)<br \/>Gewerberechtliche Gesch\u00e4ftsf\u00fchrung: \u2013<br \/>Berufszweig. Elektroeinzelhandel<\/p>\t\t\t\t\t\t\t\t<\/div>\n\t\t\t\t<\/div>\n\t\t\t\t<div class=\"elementor-element elementor-element-097424f elementor-widget elementor-widget-text-editor\" data-id=\"097424f\" data-element_type=\"widget\" data-widget_type=\"text-editor.default\">\n\t\t\t\t<div class=\"elementor-widget-container\">\n\t\t\t\t\t\t\t\t\t<p>GISA-Zahl: 35553564<\/p>\t\t\t\t\t\t\t\t<\/div>\n\t\t\t\t<\/div>\n\t\t\t\t<div class=\"elementor-element elementor-element-bbc5257 elementor-widget elementor-widget-text-editor\" data-id=\"bbc5257\" data-element_type=\"widget\" data-widget_type=\"text-editor.default\">\n\t\t\t\t<div class=\"elementor-widget-container\">\n\t\t\t\t\t\t\t\t\t<p>GISA-Zahl: 26141992<\/p>\t\t\t\t\t\t\t\t<\/div>\n\t\t\t\t<\/div>\n\t\t\t\t<div class=\"elementor-element elementor-element-20a7c15 elementor-widget elementor-widget-text-editor\" data-id=\"20a7c15\" data-element_type=\"widget\" data-widget_type=\"text-editor.default\">\n\t\t\t\t<div class=\"elementor-widget-container\">\n\t\t\t\t\t\t\t\t\t<p><strong>Beh\u00f6rde gem\u00e4\u00df ECG (E-Commerce-Gesetz)<\/strong><br \/>Magistratisches Bezirksamt des XXIII. Bezirkes<\/p>\t\t\t\t\t\t\t\t<\/div>\n\t\t\t\t<\/div>\n\t\t\t\t<div class=\"elementor-element elementor-element-9e9cfd7 elementor-widget elementor-widget-text-editor\" data-id=\"9e9cfd7\" data-element_type=\"widget\" data-widget_type=\"text-editor.default\">\n\t\t\t\t<div class=\"elementor-widget-container\">\n\t\t\t\t\t\t\t\t\t<p><strong>Beh\u00f6rde gem\u00e4\u00df ECG (E-Commerce-Gesetz)<\/strong><br \/>Magistratisches Bezirksamt des XXIII. Bezirkes<\/p>\t\t\t\t\t\t\t\t<\/div>\n\t\t\t\t<\/div>\n\t\t\t\t\t<\/div>\n\t\t\t\t<\/div>\n\t\t\t\t\t<\/div>\n\t\t\t\t<\/div>\n\t\t\t\t<\/div>\n\t\t","protected":false},"excerpt":{"rendered":"<p>Firmendaten B\u00fcro &amp; Lager \u00a0 Elektrotechnik Martin Nill Jochen-Rindt-Stra\u00dfe\u00a015 1230 Wien Firmenanschrift: \u00a0 Elektrotechnik Martin Nill Dr.-Pirnitzer-Platz 9 1230 Wien GLN (der \u00f6ffentlichen Verwaltung) 9110006969872 Anwendbare Rechtsvorschriftenhttp:\/\/www.ris2.bka.gv.at Gr\u00fcndungsjahr2010 UID-NummerATU82752718 Weitere Aufsichtsbeh\u00f6rde (gem. ECG)Keine RechtsformGesmbH Sonstige Informationen nach \u00a714 UGBKeine Bankverbindung BIC (Bank Identifier Code)BAWAATWW IBAN (International Account Number) AT81 1420 0200 1485 9463 Offenlegung nach Mediengesetz MedieninhaberMartin Nill \u00a0 Firmensitz&#8230;<\/p>\n","protected":false},"author":1,"featured_media":0,"parent":0,"menu_order":0,"comment_status":"closed","ping_status":"closed","template":"","meta":{"om_disable_all_campaigns":false,"_monsterinsights_skip_tracking":false,"_monsterinsights_sitenote_active":false,"_monsterinsights_sitenote_note":"","_monsterinsights_sitenote_category":0,"footnotes":"","_links_to":"","_links_to_target":""},"class_list":["post-3287","page","type-page","status-publish","hentry"],"aioseo_notices":[],"_links":{"self":[{"href":"https:\/\/e-mn.at\/elektrik\/wp-json\/wp\/v2\/pages\/3287","targetHints":{"allow":["GET"]}}],"collection":[{"href":"https:\/\/e-mn.at\/elektrik\/wp-json\/wp\/v2\/pages"}],"about":[{"href":"https:\/\/e-mn.at\/elektrik\/wp-json\/wp\/v2\/types\/page"}],"author":[{"embeddable":true,"href":"https:\/\/e-mn.at\/elektrik\/wp-json\/wp\/v2\/users\/1"}],"replies":[{"embeddable":true,"href":"https:\/\/e-mn.at\/elektrik\/wp-json\/wp\/v2\/comments?post=3287"}],"version-history":[{"count":65,"href":"https:\/\/e-mn.at\/elektrik\/wp-json\/wp\/v2\/pages\/3287\/revisions"}],"predecessor-version":[{"id":4808,"href":"https:\/\/e-mn.at\/elektrik\/wp-json\/wp\/v2\/pages\/3287\/revisions\/4808"}],"wp:attachment":[{"href":"https:\/\/e-mn.at\/elektrik\/wp-json\/wp\/v2\/media?parent=3287"}],"curies":[{"name":"wp","href":"https:\/\/api.w.org\/{rel}","templated":true}]}}